{"id":4136,"date":"2020-12-13T12:06:30","date_gmt":"2020-12-13T12:06:30","guid":{"rendered":"https:\/\/mond.rs\/?page_id=4136"},"modified":"2024-10-30T14:28:16","modified_gmt":"2024-10-30T14:28:16","slug":"forddelovi","status":"publish","type":"page","link":"https:\/\/mond.rs\/index.php\/forddelovi\/","title":{"rendered":"Novosti, Akcije ,Ford Delovi"},"content":{"rendered":"\n<p> U MOND AUTU postoje\u00a0rezervni delovi\u00a0za automobile proverenog kvaliteta priznatih proizvo\u0111a\u010da, tako da ne brinete da \u0107e vas kupljeni delovi ostaviti na cedilu. Naime, mi biramo samo najbolje za svoje vas, jer smo svesn da bezbednost na putu zavisi od besprekornog rada automobila. Zbog toga nudimo veliki izbor zaista kvalitetnih, orginalnih Ford delova i zamenskih auto delova za vas Ford .<\/p>\n\n\n\n<p>Ni\u0161ta se ne mo\u017ee uporediti sa ose\u0107ajem potpune sigurnosti, kada imate poverenja u svoje vozilo da vas ne\u0107e ostaviti na cedilu. Ako znate da ne\u0161to nedostaje ili vam polagano propada vozilo, ne odla\u017eite popravku ili zamenu. Neispravni delovi automobila pove\u0107avaju optere\u0107enje na drugim delovima automobila, prouzrokuju\u0107i da se ranije istro\u0161e ili \u010dak pokvare. Zbog toga je neispravni automobilski deo potrebno \u0161to pre zameniti, jer to produ\u017eava vek ostalih delova automobila i spre\u010dava bilo kakve dodatne kvarove, a samim tim i dodatne tro\u0161kove. Tako\u0111e mo\u017eete u\u0161tedeti novac prilikom popravke ili zamene odre\u0111enog dela automobila ako se odlu\u010dite za kupovinu auto delova kod nas, jer u nasoj prodavnici vas \u010dekaju veoma povoljne cene. Najkvalitetniji Ford rezervni\u00a0auto delovi\u00a0za vas Ford mogu se naru\u010diti za nekoliko dana, a va\u0161 ljubimac ce ponovo postati va\u0161 najpouzdaniji prijatelj na putu<\/p>\n","protected":false},"excerpt":{"rendered":"<p>U MOND AUTU postoje\u00a0rezervni delovi\u00a0za automobile proverenog kvaliteta priznatih proizvo\u0111a\u010da, tako da ne brinete da \u0107e vas kupljeni delovi ostaviti na cedilu. Naime, mi biramo samo najbolje za svoje vas, jer smo svesn da bezbednost na putu zavisi od besprekornog rada automobila. Zbog toga nudimo veliki izbor zaista kvalitetnih, orginalnih Ford delova i zamenskih auto &#8230; <a title=\"Novosti, Akcije ,Ford Delovi\" class=\"read-more\" href=\"https:\/\/mond.rs\/index.php\/forddelovi\/\" aria-label=\"Read more about Novosti, Akcije ,Ford Delovi\">Read more<\/a><\/p>\n","protected":false},"author":1,"featured_media":0,"parent":0,"menu_order":0,"comment_status":"closed","ping_status":"closed","template":"","meta":{"footnotes":""},"class_list":["post-4136","page","type-page","status-publish"],"yoast_head":"<!-- This site is optimized with the Yoast SEO plugin v27.3 - https:\/\/yoast.com\/product\/yoast-seo-wordpress\/ -->\n<title>Novosti, Akcije ,Ford Delovi - FORD DELOVI 062\/285-285<\/title>\n<meta name=\"robots\" content=\"index, follow, max-snippet:-1, max-image-preview:large, max-video-preview:-1\" \/>\n<link rel=\"canonical\" href=\"https:\/\/mond.rs\/index.php\/forddelovi\/\" \/>\n<meta property=\"og:locale\" content=\"en_US\" \/>\n<meta property=\"og:type\" content=\"article\" \/>\n<meta property=\"og:title\" content=\"Novosti, Akcije ,Ford Delovi - FORD DELOVI 062\/285-285\" \/>\n<meta property=\"og:description\" content=\"U MOND AUTU postoje\u00a0rezervni delovi\u00a0za automobile proverenog kvaliteta priznatih proizvo\u0111a\u010da, tako da ne brinete da \u0107e vas kupljeni delovi ostaviti na cedilu. Naime, mi biramo samo najbolje za svoje vas, jer smo svesn da bezbednost na putu zavisi od besprekornog rada automobila. Zbog toga nudimo veliki izbor zaista kvalitetnih, orginalnih Ford delova i zamenskih auto ... Read more\" \/>\n<meta property=\"og:url\" content=\"https:\/\/mond.rs\/index.php\/forddelovi\/\" \/>\n<meta property=\"og:site_name\" content=\"FORD DELOVI 062\/285-285\" \/>\n<meta property=\"article:publisher\" content=\"https:\/\/www.facebook.com\/MONDAUTODELOVI\" \/>\n<meta property=\"article:modified_time\" content=\"2024-10-30T14:28:16+00:00\" \/>\n<meta name=\"twitter:card\" content=\"summary_large_image\" \/>\n<meta name=\"twitter:site\" content=\"@MONDAUTO\" \/>\n<meta name=\"twitter:label1\" content=\"Est. reading time\" \/>\n\t<meta name=\"twitter:data1\" content=\"1 minute\" \/>\n<script type=\"application\/ld+json\" class=\"yoast-schema-graph\">{\"@context\":\"https:\\\/\\\/schema.org\",\"@graph\":[{\"@type\":\"WebPage\",\"@id\":\"https:\\\/\\\/mond.rs\\\/index.php\\\/forddelovi\\\/\",\"url\":\"https:\\\/\\\/mond.rs\\\/index.php\\\/forddelovi\\\/\",\"name\":\"Novosti, Akcije ,Ford Delovi - FORD DELOVI 062\\\/285-285\",\"isPartOf\":{\"@id\":\"https:\\\/\\\/mond.rs\\\/#website\"},\"datePublished\":\"2020-12-13T12:06:30+00:00\",\"dateModified\":\"2024-10-30T14:28:16+00:00\",\"breadcrumb\":{\"@id\":\"https:\\\/\\\/mond.rs\\\/index.php\\\/forddelovi\\\/#breadcrumb\"},\"inLanguage\":\"en-US\",\"potentialAction\":[{\"@type\":\"ReadAction\",\"target\":[\"https:\\\/\\\/mond.rs\\\/index.php\\\/forddelovi\\\/\"]}]},{\"@type\":\"BreadcrumbList\",\"@id\":\"https:\\\/\\\/mond.rs\\\/index.php\\\/forddelovi\\\/#breadcrumb\",\"itemListElement\":[{\"@type\":\"ListItem\",\"position\":1,\"name\":\"Home\",\"item\":\"https:\\\/\\\/mond.rs\\\/\"},{\"@type\":\"ListItem\",\"position\":2,\"name\":\"Novosti, Akcije ,Ford Delovi\"}]},{\"@type\":\"WebSite\",\"@id\":\"https:\\\/\\\/mond.rs\\\/#website\",\"url\":\"https:\\\/\\\/mond.rs\\\/\",\"name\":\"FORD DELOVI 062\\\/285-285\",\"description\":\"MOND AUTO\",\"publisher\":{\"@id\":\"https:\\\/\\\/mond.rs\\\/#organization\"},\"potentialAction\":[{\"@type\":\"SearchAction\",\"target\":{\"@type\":\"EntryPoint\",\"urlTemplate\":\"https:\\\/\\\/mond.rs\\\/?s={search_term_string}\"},\"query-input\":{\"@type\":\"PropertyValueSpecification\",\"valueRequired\":true,\"valueName\":\"search_term_string\"}}],\"inLanguage\":\"en-US\"},{\"@type\":\"Organization\",\"@id\":\"https:\\\/\\\/mond.rs\\\/#organization\",\"name\":\"Mond Auto\",\"url\":\"https:\\\/\\\/mond.rs\\\/\",\"logo\":{\"@type\":\"ImageObject\",\"inLanguage\":\"en-US\",\"@id\":\"https:\\\/\\\/mond.rs\\\/#\\\/schema\\\/logo\\\/image\\\/\",\"url\":\"https:\\\/\\\/mond.rs\\\/wp-content\\\/uploads\\\/2020\\\/12\\\/1111.png\",\"contentUrl\":\"https:\\\/\\\/mond.rs\\\/wp-content\\\/uploads\\\/2020\\\/12\\\/1111.png\",\"width\":450,\"height\":444,\"caption\":\"Mond Auto\"},\"image\":{\"@id\":\"https:\\\/\\\/mond.rs\\\/#\\\/schema\\\/logo\\\/image\\\/\"},\"sameAs\":[\"https:\\\/\\\/www.facebook.com\\\/MONDAUTODELOVI\",\"https:\\\/\\\/x.com\\\/MONDAUTO\",\"https:\\\/\\\/www.instagram.com\\\/forddelovi\\\/\"]}]}<\/script>\n<!-- \/ Yoast SEO plugin. -->","yoast_head_json":{"title":"Novosti, Akcije ,Ford Delovi - FORD DELOVI 062\/285-285","robots":{"index":"index","follow":"follow","max-snippet":"max-snippet:-1","max-image-preview":"max-image-preview:large","max-video-preview":"max-video-preview:-1"},"canonical":"https:\/\/mond.rs\/index.php\/forddelovi\/","og_locale":"en_US","og_type":"article","og_title":"Novosti, Akcije ,Ford Delovi - FORD DELOVI 062\/285-285","og_description":"U MOND AUTU postoje\u00a0rezervni delovi\u00a0za automobile proverenog kvaliteta priznatih proizvo\u0111a\u010da, tako da ne brinete da \u0107e vas kupljeni delovi ostaviti na cedilu. Naime, mi biramo samo najbolje za svoje vas, jer smo svesn da bezbednost na putu zavisi od besprekornog rada automobila. Zbog toga nudimo veliki izbor zaista kvalitetnih, orginalnih Ford delova i zamenskih auto ... Read more","og_url":"https:\/\/mond.rs\/index.php\/forddelovi\/","og_site_name":"FORD DELOVI 062\/285-285","article_publisher":"https:\/\/www.facebook.com\/MONDAUTODELOVI","article_modified_time":"2024-10-30T14:28:16+00:00","twitter_card":"summary_large_image","twitter_site":"@MONDAUTO","twitter_misc":{"Est. reading time":"1 minute"},"schema":{"@context":"https:\/\/schema.org","@graph":[{"@type":"WebPage","@id":"https:\/\/mond.rs\/index.php\/forddelovi\/","url":"https:\/\/mond.rs\/index.php\/forddelovi\/","name":"Novosti, Akcije ,Ford Delovi - FORD DELOVI 062\/285-285","isPartOf":{"@id":"https:\/\/mond.rs\/#website"},"datePublished":"2020-12-13T12:06:30+00:00","dateModified":"2024-10-30T14:28:16+00:00","breadcrumb":{"@id":"https:\/\/mond.rs\/index.php\/forddelovi\/#breadcrumb"},"inLanguage":"en-US","potentialAction":[{"@type":"ReadAction","target":["https:\/\/mond.rs\/index.php\/forddelovi\/"]}]},{"@type":"BreadcrumbList","@id":"https:\/\/mond.rs\/index.php\/forddelovi\/#breadcrumb","itemListElement":[{"@type":"ListItem","position":1,"name":"Home","item":"https:\/\/mond.rs\/"},{"@type":"ListItem","position":2,"name":"Novosti, Akcije ,Ford Delovi"}]},{"@type":"WebSite","@id":"https:\/\/mond.rs\/#website","url":"https:\/\/mond.rs\/","name":"FORD DELOVI 062\/285-285","description":"MOND AUTO","publisher":{"@id":"https:\/\/mond.rs\/#organization"},"potentialAction":[{"@type":"SearchAction","target":{"@type":"EntryPoint","urlTemplate":"https:\/\/mond.rs\/?s={search_term_string}"},"query-input":{"@type":"PropertyValueSpecification","valueRequired":true,"valueName":"search_term_string"}}],"inLanguage":"en-US"},{"@type":"Organization","@id":"https:\/\/mond.rs\/#organization","name":"Mond Auto","url":"https:\/\/mond.rs\/","logo":{"@type":"ImageObject","inLanguage":"en-US","@id":"https:\/\/mond.rs\/#\/schema\/logo\/image\/","url":"https:\/\/mond.rs\/wp-content\/uploads\/2020\/12\/1111.png","contentUrl":"https:\/\/mond.rs\/wp-content\/uploads\/2020\/12\/1111.png","width":450,"height":444,"caption":"Mond Auto"},"image":{"@id":"https:\/\/mond.rs\/#\/schema\/logo\/image\/"},"sameAs":["https:\/\/www.facebook.com\/MONDAUTODELOVI","https:\/\/x.com\/MONDAUTO","https:\/\/www.instagram.com\/forddelovi\/"]}]}},"_links":{"self":[{"href":"https:\/\/mond.rs\/index.php\/wp-json\/wp\/v2\/pages\/4136","targetHints":{"allow":["GET"]}}],"collection":[{"href":"https:\/\/mond.rs\/index.php\/wp-json\/wp\/v2\/pages"}],"about":[{"href":"https:\/\/mond.rs\/index.php\/wp-json\/wp\/v2\/types\/page"}],"author":[{"embeddable":true,"href":"https:\/\/mond.rs\/index.php\/wp-json\/wp\/v2\/users\/1"}],"replies":[{"embeddable":true,"href":"https:\/\/mond.rs\/index.php\/wp-json\/wp\/v2\/comments?post=4136"}],"version-history":[{"count":1,"href":"https:\/\/mond.rs\/index.php\/wp-json\/wp\/v2\/pages\/4136\/revisions"}],"predecessor-version":[{"id":4272,"href":"https:\/\/mond.rs\/index.php\/wp-json\/wp\/v2\/pages\/4136\/revisions\/4272"}],"wp:attachment":[{"href":"https:\/\/mond.rs\/index.php\/wp-json\/wp\/v2\/media?parent=4136"}],"curies":[{"name":"wp","href":"https:\/\/api.w.org\/{rel}","templated":true}]}}